{"id":2215,"date":"2024-01-25T16:06:36","date_gmt":"2024-01-25T15:06:36","guid":{"rendered":"https:\/\/www.biebiadvertising.com\/?page_id=2215"},"modified":"2024-02-16T17:29:51","modified_gmt":"2024-02-16T16:29:51","slug":"cookie-policy","status":"publish","type":"page","link":"https:\/\/www.biebiadvertising.com\/it\/cookie-policy\/","title":{"rendered":"cookie policy"},"content":{"rendered":"<div class=\"fusion-fullwidth fullwidth-box fusion-builder-row-1 fusion-flex-container nonhundred-percent-fullwidth non-hundred-percent-height-scrolling\" style=\"--awb-border-radius-top-left:0px;--awb-border-radius-top-right:0px;--awb-border-radius-bottom-right:0px;--awb-border-radius-bottom-left:0px;--awb-flex-wrap:wrap;\" ><div class=\"fusion-builder-row fusion-row fusion-flex-align-items-flex-start fusion-flex-content-wrap\" style=\"max-width:1331.2px;margin-left: calc(-4% \/ 2 );margin-right: calc(-4% \/ 2 );\"><div class=\"fusion-layout-column fusion_builder_column fusion-builder-column-0 fusion_builder_column_1_1 1_1 fusion-flex-column\" style=\"--awb-bg-size:cover;--awb-width-large:100%;--awb-margin-top-large:0px;--awb-spacing-right-large:1.92%;--awb-margin-bottom-large:0px;--awb-spacing-left-large:1.92%;--awb-width-medium:100%;--awb-spacing-right-medium:1.92%;--awb-spacing-left-medium:1.92%;--awb-width-small:100%;--awb-spacing-right-small:1.92%;--awb-spacing-left-small:1.92%;\"><div class=\"fusion-column-wrapper fusion-flex-justify-content-flex-start fusion-content-layout-column\"><div class=\"fusion-text fusion-text-1\"><p style=\"text-align: center;\"><strong><u>Website Cookie Policy<\/u><\/strong><\/p>\n<p>Gentile Visitatore\/Visitatrice (di seguito, &#8220;<strong>Tu<\/strong>&#8221; o l'&#8221;<strong>Utente<\/strong>&#8220;),<\/p>\n<p>Questo sito Internet <a href=\"http:\/\/www.biebiadvertising.com\">www.biebiadvertising.com<\/a> e tutti i siti ad esso correlati, quali <a href=\"http:\/\/www.biebiadvertising.com\/it\">www.biebiadvertising.com\/it<\/a>, <a href=\"http:\/\/www.biebiadvertising.com\/en\">www.biebiadvertising.com\/en<\/a> (di seguito, il &#8220;<strong>Sito<\/strong>&#8220;) sono di propriet\u00e0 della societ\u00e0:<\/p>\n<p><strong>B &amp; B. Advertising <\/strong><strong>\u2013 S.r.l.<\/strong><\/p>\n<p>Via Generale Orsini, 46 &#8211; 80132 &#8211; Napoli (NA)<\/p>\n<p>Codice Fiscale e Partita IVA 05232620632<\/p>\n<p>Gli estremi che permettono di contattare rapidamente <strong>B. &amp; B. Advertising <\/strong>e di comunicare direttamente ed efficacemente con la stessa, compreso l&#8217;indirizzo di posta elettronica, sono i seguenti:<\/p>\n<p>Centralino +39 081 7640932\u00a0\u00a0\u00a0\u00a0\u00a0\u00a0\u00a0\u00a0\u00a0\u00a0\u00a0\u00a0\u00a0\u00a0\u00a0\u00a0\u00a0\u00a0\u00a0\u00a0 Fax +39 081 7641947<\/p>\n<p>E-mail <a href=\"mailto:info@biebiadvertising.com\">info@biebiadvertising.com<\/a>\u00a0\u00a0\u00a0\u00a0\u00a0\u00a0\u00a0\u00a0\u00a0\u00a0 PEC <a href=\"mailto:bebadvertising@pec.it\">bebadvertising@pec.it<\/a><\/p>\n<p>(di seguito, &#8220;<strong>B. &amp; B. Advertising<\/strong>&#8220;, &#8220;<strong>Noi<\/strong>&#8221; o la &#8220;<strong>Societ\u00e0<\/strong>&#8220;).<\/p>\n<p>Poich\u00e9 sul nostro Sito sono utilizzati dei c.d. cookie per diverse finalit\u00e0, con questa informativa, redatta ai sensi dell\u2019art. 13 D.Lgs. 30.6.2003 n. 196 (in seguito, \u201cCodice Privacy\u201d) e dell\u2019artt. 12, 13 e 14 del Regolamento UE n. 2016\/679 (in seguito, \u201cGDPR\u201d) nonch\u00e9 del provvedimento del Garante 8 maggio 2014, n. 229, vogliamo spiegarti cosa sono i cookie e come vengono utilizzati sul Sito.<\/p>\n<p>Alcuni cookie (c.d. cookie propri o di prima parte) sono veicolati e controllati direttamente da noi. Attraverso questi cookie, la Societ\u00e0 raccoglie e tratta alcuni dati personali che ti riguardano. In questa informativa, ai sensi dell&#8217;art. 13 del Regolamento UE 2016\/679 del 27 aprile 2016 relativo alla protezione delle persone fisiche con riguardo al trattamento dei dati personali (di seguito, &#8220;<strong>Regolamento<\/strong>&#8220;), ti spieghiamo come raccogliamo questi dati, per quali finalit\u00e0 e quali sono i tuoi diritti.<\/p>\n<p>Altri cookie (c.d. cookie di terze parti), sono, invece, veicolati e controllati da soggetti terzi. Su questa informativa troverai dei link alle informative pubblicate da questi soggetti terzi, che ti preghiamo di leggere con attenzione.<br \/>\nSe non hai familiarit\u00e0 con i cookie, ti preghiamo di leggere attentamente questa informativa e l&#8217;informativa privacy generale del Sito, cos\u00ec che tu possa essere consapevole delle tue scelte.<\/p>\n<p>Il Titolare tiene nella massima considerazione il diritto alla privacy e alla protezione dei dati personali dei propri Utenti. Per qualsiasi informazione relativa alla presente Informativa Cookie, gli Utenti possono contattare il Titolare in qualsiasi momento, utilizzando i seguenti metodi:<\/p>\n<ul>\n<li>Inviando una raccomandata a\/r alla sede legale del Titolare (all&#8217;indirizzo Via Generale Orsini, 46 &#8211; 80132 &#8211; Napoli (NA) &#8211; Italia);<\/li>\n<li>Inviando un messaggio di posta elettronica all&#8217;indirizzo\u00a0<a href=\"mailto:info@biebiadvertising.com\">info@biebiadvertising.com<\/a>.<\/li>\n<\/ul>\n<p><strong>A. Cosa sono i cookie ed a cosa servono<\/strong><\/p>\n<p>I cookie sono piccoli file di testo che i siti visitati dall&#8217;utente inviano direttamente al suo terminale (solitamente al browser), dove vengono memorizzati per essere poi ritrasmessi agli stessi siti alla successiva visita del medesimo utente (c.d.\u00a0<strong>cookie propri di prima parte<\/strong>). Nel corso della navigazione su un sito, l&#8217;utente pu\u00f2 ricevere sul suo terminale anche cookie di siti o di web server diversi (c.d.\u00a0<strong>cookie di terze parti<\/strong>); ci\u00f2 accade perch\u00e9 sul sito web visitato possono essere presenti elementi come, ad esempio, immagini, mappe, suoni, specifici link a pagine web di altri domini che risiedono su server diversi da quello sul quale si trova la pagina richiesta. In altre parole, sono quei cookie che vengono impostati da un sito web diverso da quello che si sta attualmente visitando.<\/p>\n<p>I cookie possono avere una durata limitata ad una singola sessione di navigazione sul browser (c.d.\u00a0<strong>cookie di sessione<\/strong>), ed in tal caso si disattivano automaticamente al momento della chiusura del browser da parte dell&#8217;utente; oppure possono avere una scadenza predeterminata ed, in tal caso, rimarranno memorizzati ed attivi nel tuo hard disk fino a tale data di scadenza, continuando a raccogliere informazioni nel corso di differenti sessioni di navigazione sul browser (c.d.\u00a0<strong>cookie permanenti<\/strong>).<\/p>\n<p>I cookie sono utilizzati per diverse funzioni. Alcuni sono necessari per consentirti di navigare sul Sito e usufruire delle sue funzionalit\u00e0 (c.d.\u00a0<strong>cookie tecnici<\/strong>). Altri sono utilizzati per ottenere informazioni statistiche, in forma aggregata o non, sul numero degli utenti che accedono al Sito e su come il Sito viene utilizzato (c.d.\u00a0<strong>cookie di analytics<\/strong>). Altri, infine, sono utilizzati per tracciare un tuo profilo di consumatore e farti visualizzare annunci pubblicitari sul Sito che possano essere per te interessanti, in quanto coerenti con i tuoi gusti e le tue abitudini di consumo (c.d.\u00a0<strong>cookie di profilazione<\/strong>).<\/p>\n<p>Per conoscere pi\u00f9 in dettaglio queste diverse categorie di cookie continua a leggere questa informativa. Scopri come funzionano ed a cosa servono, e scegli liberamente se acconsentire al loro utilizzo o impedirlo.<\/p>\n<p><strong>B. Stato del consenso e cookie utilizzati<\/strong><\/p>\n<\/div><script id=\"CookieDeclaration\" src=\"https:\/\/consent.cookiebot.com\/3cf296a6-a49c-4f99-b40d-90364c3c83c7\/cd.js\" type=\"text\/javascript\" async><\/script><div class=\"fusion-text fusion-text-2\"><p><strong>C. Come gestire i cookie ed opporti al loro utilizzo<\/strong><\/p>\n<p>Ci sono diverse opzioni per gestire, disabilitare e cancellare i cookie.<\/p>\n<p>(1)\u00a0<strong><u>Cambia le impostazioni del tuo browser<\/u><\/strong><\/p>\n<p>Segui le istruzioni fornite dal produttore del browser che utilizzi per scoprire come gestire, disabilitare o cancellare tutti i cookie (tecnici, analytics e di profilazione):<\/p>\n<p><strong>Explorer<\/strong>:\u00a0<a href=\"https:\/\/support.microsoft.com\/en-us\/kb\/196955\/it\">https:\/\/support.microsoft.com\/en-us\/kb\/196955\/it<\/a><br \/>\n<strong>Chrome<\/strong>: \u00a0<a href=\"https:\/\/support.google.com\/chrome\/answer\/95647?hl=it\">https:\/\/support.google.com\/chrome\/answer\/95647?hl=it<\/a><br \/>\n<strong>Firefox<\/strong>:\u00a0 \u00a0<a href=\"https:\/\/support.mozilla.org\/it\/kb\/Attivare%20e%20disattivare%20i%20cookie\">https:\/\/support.mozilla.org\/it\/kb\/Attivare%20e%20disattivare%20i%20cookie<\/a><br \/>\n<strong>Safari<\/strong>:\u00a0\u00a0\u00a0 \u00a0<a href=\"https:\/\/support.apple.com\/kb\/PH17191?locale=it_IT\">https:\/\/support.apple.com\/kb\/PH17191?locale=it_IT<\/a><br \/>\n<strong>Opera<\/strong>:\u00a0\u00a0 \u00a0<a href=\"http:\/\/help.opera.com\/Windows\/10.00\/it\/cookies.html\">http:\/\/help.opera.com\/Windows\/10.00\/it\/cookies.html<\/a><\/p>\n<p>Fai le tue scelte con attenzione. Bloccando indiscriminatamente la ricezione di tutti i cookie, inclusi quelli tecnici, senza prevedere una specifica eccezione per il Sito, potresti, infatti, non essere pi\u00f9 in grado di navigare sul Sito o di usufruire in tutto o in parte delle sue funzionalit\u00e0. Inoltre, cancellando tutti i cookie dal browser, anche i cookie tecnici potrebbero essere rimossi e, pertanto, potresti rimuovere le preferenze che hai impostato utilizzando il Sito o non ritrovare pi\u00f9 i prodotti o servizi inseriti nel tuo carrello.<\/p>\n<p>(2)\u00a0<strong><u>Utilizza gli strumenti interattivi forniti da B. &amp; B. Advertising e dalle terze parti<\/u><\/strong><\/p>\n<p>Per\u00a0<u>disabilitare i cookie di analytics<\/u>, puoi semplicemente utilizzare gli strumenti indicati nel paragrafo C di questa informativa.<br \/>\nPer\u00a0<u>disabilitare i cookie di terze parti<\/u>, consulta le informative privacy dei terzi che installano cookie di profilazione (vedi il precedente paragrafo B) per conoscere gli altri strumenti a tua disposizione per gestire, disabilitare e cancellare i cookie, e pi\u00f9 in generale per opporti al loro utilizzo. Ricordati che, disabilitando i cookie di terze parti, (i) ti opponi al loro utilizzo non soltanto sul Sito ma su tutti i siti Internet su cui tali cookie sono utilizzati e (ii) la possibilit\u00e0 di navigare sul Sito ed utilizzarne le funzionalit\u00e0 non sar\u00e0 in alcun modo pregiudicata. Quando disabiliti i cookie di terze parti visualizzerai comunque il banner nell&#8217;home page sul Sito relativo ai cookie; in questo caso, per\u00f2, chiudendo il banner, scorrendo l&#8217;home page o cliccando qualunque elemento dell&#8217;home page al di fuori del banner, non riceverai nessun cookie di terza parte che hai correttamente disabilitato.<\/p>\n<p>(3)\u00a0<strong><u>Utilizza il sito Internet\u00a0<\/u><\/strong><a href=\"http:\/\/www.youronlinechoices.eu\/it\/\"><strong>www.youronlinechoices.eu\/it\/<\/strong><\/a><\/p>\n<p>Your Online Choices \u00e8 un sito Internet gestito dall&#8217;associazione non-profit\u00a0<em>European Interactive Digital Advertising Alliance<\/em>(EDAA), la cui versione in lingua italiana \u00e8 raggiungibile all&#8217;indirizzo\u00a0<a href=\"http:\/\/www.youronlinechoices.eu\/it\/\">www.youronlinechoices.eu\/it\/<\/a>, che fornisce informazioni sulla pubblicit\u00e0 comportamentale basata sui cookie di profilazione (<a href=\"http:\/\/www.youronlinechoices.com\/it\/a-proposito\">http:\/\/www.youronlinechoices.com\/it\/a-proposito<\/a>) e consente agli utenti di Internet di opporsi facilmente (opt-out) all&#8217;installazione dei principali cookie di profilazione installati dagli operatori pubblicitari ed utilizzati su siti Internet (<a href=\"http:\/\/www.youronlinechoices.com\/it\/le-tue-scelte\">http:\/\/www.youronlinechoices.com\/it\/le-tue-scelte<\/a>). Prima di utilizzare questo strumento, ti consigliamo di leggere attentamente le condizioni generali di servizio del sito Your Online Choices (<a href=\"http:\/\/www.youronlinechoices.com\/it\/condizioni-generali-di-servizio\">http:\/\/www.youronlinechoices.com\/it\/condizioni-generali-di-servizio<\/a>), le domande frequenti (FAQ) (<a href=\"http:\/\/www.youronlinechoices.com\/it\/faqs\">http:\/\/www.youronlinechoices.com\/it\/faqs<\/a>) e la guida per l&#8217;utente (<a href=\"http:\/\/www.youronlinechoices.com\/it\/help\">http:\/\/www.youronlinechoices.com\/it\/help<\/a>).<br \/>\nUtilizza consapevolmente Your Online Choices. Sebbene, infatti, Your Online Choices riunisca molte delle pi\u00f9 importanti societ\u00e0 del mondo pubblicitario che utilizzano cookie, alcune delle terze parti che installano cookie attraverso il Sito potrebbero non aver aderito a Your Online Choices. Pertanto, l&#8217;utilizzo di Your Online Choices non garantisce che si riceveranno cookie di terze parti navigando sul Sito. Ricordati, inoltre, che eliminando tutti i cookie dal proprio browser, anche i cookie tecnici rilasciati da Your Online Choices per ricordare le tue scelte potrebbero essere eliminati, rendendo nuovamente attivi i cookie di terze parti.<\/p>\n<p><strong>D. Modalit\u00e0 di trattamento e tempi di conservazione dei dati<\/strong><\/p>\n<p>Come evidenziato nella premessa di questa informativa, la Societ\u00e0 raccoglie e tratta alcuni tuoi dati personali attraverso i cookie che essa veicola direttamente sul Sito (cookie di prima parte) ed attraverso i cookie di terze parti. Peri i cookie di prima parte, la Societ\u00e0 agisce in qualit\u00e0 di titolare del trattamento di questi dati, in conformit\u00e0 alle previsioni del Regolamento. Tratteremo i tuoi dati solo con strumenti elettronici, in maniera totalmente automatizzata e senza intermediazione umana. Pertanto, i nostri dipendenti e collaboratori non accederanno mai al contenuto dei tuoi dati personali ottenuti attraverso i cookie, il che significa che non saranno mai in grado di accedere a e\/o avere informazioni personali identificative (IPI) dirette.<\/p>\n<p>Alcuni dei nostri dipendenti e collaboratori, da noi nominati quali Persone Autorizzate al trattamento, potrebbero effettuare degli interventi di manutenzione sui sistemi informatici che ospitano i tuoi dati, senza poter mai accedere al loro effettivo contenuto. I dati personali potrebbero essere memorizzati nei server gestiti da soggetti terzi (es. fornitori di sistemi informatici) o potrebbero essere gestiti da soggetti specializzati nella pubblicit\u00e0 online, che agiscono in qualit\u00e0 di responsabili esterni del trattamento sulla base di un&#8217;apposita nomina per iscritto da parte della Societ\u00e0. Ti informiamo che, nel rispetto dei presupposti e delle garanzie stabilite dal Regolamento, i tuoi dati potrebbero essere trasferiti in Paesi non appartenenti all&#8217;Area Economica Europea, che potrebbero non offrire un livello di tutela della privacy e della protezione dei dati personali paragonabile a quello garantito dalle leggi italiane ed europee sulla privacy, ma come titolare terremo in massima considerazione la sicurezza dei dati, pertanto procederemo nella gestione di tali trasferimenti con tutte le dovute cautele e garanzie. I tuoi dati personali non saranno comunicati a terzi titolari del trattamento n\u00e9 saranno diffusi.<\/p>\n<p><strong>E. I tuoi diritti<\/strong><\/p>\n<p>Per esercitare i tuoi diritti, o ottenere alcuna ulteriore informazione o chiarimento in relazione alla presente Informativa Cookie, ti preghiamo di contattare il Titolare con le seguenti modalit\u00e0, anche utilizzando lo specifico modello da noi predisposto e scaricabile all\u2019indirizzo <a href=\"https:\/\/www.biebiadvertising.com\/it\/policy\/\">https:\/\/www.biebiadvertising.com\/it\/policy\/<\/a> :<\/p>\n<ul>\n<li>Inviando una raccomandata a\/r alla sede legale del Titolare (all&#8217;indirizzo Via Generale Orsini, 46 &#8211; 80132 &#8211; Napoli (NA) &#8211; Italia);<\/li>\n<li>Inviando un messaggio di posta elettronica all&#8217;indirizzo\u00a0<a href=\"mailto:info@biebiadvertising.com\">info@biebiadvertising.com<\/a>;<\/li>\n<li>Utilizzando il modello presente nella sezione policy del sito: <a href=\"https:\/\/www.biebiadvertising.com\/it\/policy\/\">https:\/\/www.biebiadvertising.com\/it\/policy\/<\/a><\/li>\n<\/ul>\n<p>Ai sensi del Regolamento, il Titolare informa che gli Utenti hanno il diritto di ottenere l&#8217;indicazione (i) dell&#8217;origine dei dati personali; (ii) delle finalit\u00e0 e modalit\u00e0 del trattamento; (iii) della logica applicata in caso di trattamento effettuato con l&#8217;ausilio di strumenti elettronici; (iv) degli estremi identificativi del titolare e dei responsabili; (v) dei soggetti o delle categorie di soggetti ai quali i dati personali possono essere comunicati o che possono venirne a conoscenza in qualit\u00e0 di responsabili o incaricati.<\/p>\n<p>Inoltre, gli Utenti hanno il diritto di ottenere:<\/p>\n<ol>\n<li>l&#8217;accesso, l&#8217;aggiornamento, la rettificazione ovvero, quando vi hanno interesse, l&#8217;integrazione dei dati;<\/li>\n<li>la cancellazione, la trasformazione in forma anonima o il blocco dei dati trattati in violazione di legge, compresi quelli di cui non \u00e8 necessaria la conservazione in relazione agli scopi per i quali i dati sono stati raccolti o successivamente trattati;<\/li>\n<li>l&#8217;attestazione che le operazioni di cui ai precedenti punti 1) e 2) sono state portate a conoscenza, anche per quanto riguarda il loro contenuto, di coloro ai quali i dati sono stati comunicati o diffusi, eccettuato il caso in cui tale adempimento si rivela impossibile o comporta un impiego di mezzi manifestamente sproporzionato rispetto al diritto tutelato.<\/li>\n<\/ol>\n<p>Inoltre, gli Utenti hanno:<\/p>\n<ol>\n<li>il diritto di revocare il consenso in qualsiasi momento, qualora il trattamento si basi sul loro consenso;<\/li>\n<li>(laddove applicabile) il diritto alla portabilit\u00e0 dei dati (diritto di ricevere tutti i dati personali che li riguardano in un formato strutturato, di uso comune e leggibile da dispositivo automatico), il diritto alla limitazione del trattamento dei dati personali e il diritto alla cancellazione (&#8220;diritto all&#8217;oblio&#8221;);<\/li>\n<li>il diritto di opporsi:<\/li>\n<\/ol>\n<p style=\"padding-left: 80px;\">i)in tutto o in parte, per motivi legittimi al trattamento dei dati personali che li riguardano, ancorch\u00e9 pertinenti allo scopo della raccolta;<br \/>\nii) in tutto o in parte, al trattamento di dati personali che li riguardano a fini di invio di materiale pubblicitario o di vendita diretta o per il compimento di ricerche di mercato o di comunicazione commerciale;<\/p>\n<p style=\"padding-left: 25px;\">4. qualora ritenessero che il trattamento che li riguarda violi il Regolamento, il diritto di proporre reclamo a un&#8217;Autorit\u00e0 di controllo (nello Stato membro in cui risiedono abitualmente, in quello in cui lavorano oppure in quello in cui si \u00e8 verificata la presunta violazione). L&#8217;Autorit\u00e0 di controllo italiana \u00e8 il Garante per la protezione dei dati personali, con sede in Piazza di Monte Citorio n. 121, 00186 &#8211; Roma (<a href=\"http:\/\/www.garanteprivacy.it\/\">http:\/\/www.garanteprivacy.it\/<\/a>).<\/p>\n<p><strong><em>Il Titolare non \u00e8 responsabile per l&#8217;aggiornamento di tutti i link visualizzabili nella presente Informativa Cookies, pertanto ogni qualvolta un link non sia funzionante e\/o aggiornato, gli Utenti riconoscono ed accettano che dovranno sempre far riferimento al documento e\/o sezione dei siti internet richiamati da tale link.<\/em><\/strong><\/p>\n<p><strong><em>Questa pagina \u00e8 visibile, mediante link in calce in tutte le pagine del Sito ai sensi dell\u2019art. 122 secondo comma del D.lgs. 196\/2003 e a seguito delle modalit\u00e0 semplificate per l\u2019informativa e l\u2019acquisizione del consenso per l\u2019uso dei cookie pubblicata sulla Gazzetta Ufficiale n.126 del 3 giugno 2014 e relativo registro dei provvedimenti n.229 dell\u20198 maggio 2014.<\/em><\/strong><\/p>\n<\/div><\/div><\/div><\/div><\/div>\n","protected":false},"excerpt":{"rendered":"","protected":false},"author":4,"featured_media":0,"parent":0,"menu_order":0,"comment_status":"closed","ping_status":"closed","template":"","meta":{"footnotes":""},"class_list":["post-2215","page","type-page","status-publish","hentry"],"yoast_head":"<!-- This site is optimized with the Yoast SEO plugin v24.5 - https:\/\/yoast.com\/wordpress\/plugins\/seo\/ -->\n<title>cookie policy - BI&amp;BI Advertising<\/title>\n<meta name=\"robots\" content=\"index, follow, max-snippet:-1, max-image-preview:large, max-video-preview:-1\" \/>\n<link rel=\"canonical\" href=\"https:\/\/www.biebiadvertising.com\/it\/cookie-policy\/\" \/>\n<meta property=\"og:locale\" content=\"it_IT\" \/>\n<meta property=\"og:type\" content=\"article\" \/>\n<meta property=\"og:title\" content=\"cookie policy - BI&amp;BI Advertising\" \/>\n<meta property=\"og:url\" content=\"https:\/\/www.biebiadvertising.com\/it\/cookie-policy\/\" \/>\n<meta property=\"og:site_name\" content=\"BI&amp;BI Advertising\" \/>\n<meta property=\"article:modified_time\" content=\"2024-02-16T16:29:51+00:00\" \/>\n<meta name=\"twitter:card\" content=\"summary_large_image\" \/>\n<meta name=\"twitter:label1\" content=\"Tempo di lettura stimato\" \/>\n\t<meta name=\"twitter:data1\" content=\"12 minuti\" \/>\n<script type=\"application\/ld+json\" class=\"yoast-schema-graph\">{\"@context\":\"https:\/\/schema.org\",\"@graph\":[{\"@type\":\"WebPage\",\"@id\":\"https:\/\/www.biebiadvertising.com\/it\/cookie-policy\/\",\"url\":\"https:\/\/www.biebiadvertising.com\/it\/cookie-policy\/\",\"name\":\"cookie policy - BI&amp;BI Advertising\",\"isPartOf\":{\"@id\":\"https:\/\/www.biebiadvertising.com\/it\/#website\"},\"datePublished\":\"2024-01-25T15:06:36+00:00\",\"dateModified\":\"2024-02-16T16:29:51+00:00\",\"breadcrumb\":{\"@id\":\"https:\/\/www.biebiadvertising.com\/it\/cookie-policy\/#breadcrumb\"},\"inLanguage\":\"it-IT\",\"potentialAction\":[{\"@type\":\"ReadAction\",\"target\":[\"https:\/\/www.biebiadvertising.com\/it\/cookie-policy\/\"]}]},{\"@type\":\"BreadcrumbList\",\"@id\":\"https:\/\/www.biebiadvertising.com\/it\/cookie-policy\/#breadcrumb\",\"itemListElement\":[{\"@type\":\"ListItem\",\"position\":1,\"name\":\"Home\",\"item\":\"https:\/\/www.biebiadvertising.com\/it\/\"},{\"@type\":\"ListItem\",\"position\":2,\"name\":\"cookie policy\"}]},{\"@type\":\"WebSite\",\"@id\":\"https:\/\/www.biebiadvertising.com\/it\/#website\",\"url\":\"https:\/\/www.biebiadvertising.com\/it\/\",\"name\":\"BI&amp;BI Advertising\",\"description\":\"Comunicazione in store creativa forte e chiara\",\"potentialAction\":[{\"@type\":\"SearchAction\",\"target\":{\"@type\":\"EntryPoint\",\"urlTemplate\":\"https:\/\/www.biebiadvertising.com\/it\/?s={search_term_string}\"},\"query-input\":{\"@type\":\"PropertyValueSpecification\",\"valueRequired\":true,\"valueName\":\"search_term_string\"}}],\"inLanguage\":\"it-IT\"}]}<\/script>\n<!-- \/ Yoast SEO plugin. -->","yoast_head_json":{"title":"cookie policy - BI&amp;BI Advertising","robots":{"index":"index","follow":"follow","max-snippet":"max-snippet:-1","max-image-preview":"max-image-preview:large","max-video-preview":"max-video-preview:-1"},"canonical":"https:\/\/www.biebiadvertising.com\/it\/cookie-policy\/","og_locale":"it_IT","og_type":"article","og_title":"cookie policy - BI&amp;BI Advertising","og_url":"https:\/\/www.biebiadvertising.com\/it\/cookie-policy\/","og_site_name":"BI&amp;BI Advertising","article_modified_time":"2024-02-16T16:29:51+00:00","twitter_card":"summary_large_image","twitter_misc":{"Tempo di lettura stimato":"12 minuti"},"schema":{"@context":"https:\/\/schema.org","@graph":[{"@type":"WebPage","@id":"https:\/\/www.biebiadvertising.com\/it\/cookie-policy\/","url":"https:\/\/www.biebiadvertising.com\/it\/cookie-policy\/","name":"cookie policy - BI&amp;BI Advertising","isPartOf":{"@id":"https:\/\/www.biebiadvertising.com\/it\/#website"},"datePublished":"2024-01-25T15:06:36+00:00","dateModified":"2024-02-16T16:29:51+00:00","breadcrumb":{"@id":"https:\/\/www.biebiadvertising.com\/it\/cookie-policy\/#breadcrumb"},"inLanguage":"it-IT","potentialAction":[{"@type":"ReadAction","target":["https:\/\/www.biebiadvertising.com\/it\/cookie-policy\/"]}]},{"@type":"BreadcrumbList","@id":"https:\/\/www.biebiadvertising.com\/it\/cookie-policy\/#breadcrumb","itemListElement":[{"@type":"ListItem","position":1,"name":"Home","item":"https:\/\/www.biebiadvertising.com\/it\/"},{"@type":"ListItem","position":2,"name":"cookie policy"}]},{"@type":"WebSite","@id":"https:\/\/www.biebiadvertising.com\/it\/#website","url":"https:\/\/www.biebiadvertising.com\/it\/","name":"BI&amp;BI Advertising","description":"Comunicazione in store creativa forte e chiara","potentialAction":[{"@type":"SearchAction","target":{"@type":"EntryPoint","urlTemplate":"https:\/\/www.biebiadvertising.com\/it\/?s={search_term_string}"},"query-input":{"@type":"PropertyValueSpecification","valueRequired":true,"valueName":"search_term_string"}}],"inLanguage":"it-IT"}]}},"_links":{"self":[{"href":"https:\/\/www.biebiadvertising.com\/it\/wp-json\/wp\/v2\/pages\/2215","targetHints":{"allow":["GET"]}}],"collection":[{"href":"https:\/\/www.biebiadvertising.com\/it\/wp-json\/wp\/v2\/pages"}],"about":[{"href":"https:\/\/www.biebiadvertising.com\/it\/wp-json\/wp\/v2\/types\/page"}],"author":[{"embeddable":true,"href":"https:\/\/www.biebiadvertising.com\/it\/wp-json\/wp\/v2\/users\/4"}],"replies":[{"embeddable":true,"href":"https:\/\/www.biebiadvertising.com\/it\/wp-json\/wp\/v2\/comments?post=2215"}],"version-history":[{"count":11,"href":"https:\/\/www.biebiadvertising.com\/it\/wp-json\/wp\/v2\/pages\/2215\/revisions"}],"predecessor-version":[{"id":2230,"href":"https:\/\/www.biebiadvertising.com\/it\/wp-json\/wp\/v2\/pages\/2215\/revisions\/2230"}],"wp:attachment":[{"href":"https:\/\/www.biebiadvertising.com\/it\/wp-json\/wp\/v2\/media?parent=2215"}],"curies":[{"name":"wp","href":"https:\/\/api.w.org\/{rel}","templated":true}]}}